{"id":1745,"date":"2020-05-02T17:18:11","date_gmt":"2020-05-02T15:18:11","guid":{"rendered":"https:\/\/dev2024.klosters-pur.ch\/gadawag\/"},"modified":"2020-05-05T19:45:10","modified_gmt":"2020-05-05T17:45:10","slug":"gadawag","status":"publish","type":"page","link":"https:\/\/dev2024.klosters-pur.ch\/en\/gadawag\/","title":{"rendered":"Gad\u00e4w\u00e4g"},"content":{"rendered":"<section class=\"wpb-content-wrapper\"><div class=\"vc_row wpb_row vc_row-fluid\"><div class=\"wpb_column vc_column_container vc_col-sm-12\"><div class=\"vc_column-inner\"><div class=\"wpb_wrapper\"><div class=\"vc_empty_space\"   style=\"height: 38px\"><span class=\"vc_empty_space_inner\"><\/span><\/div><\/div><\/div><\/div><\/div><div class=\"vc_row wpb_row vc_row-fluid\"><div class=\"wpb_column vc_column_container vc_col-sm-12\"><div class=\"vc_column-inner\"><div class=\"wpb_wrapper\"><div id=\"ts-fancy-list-8877077\" class=\"ts-fancy-list-container filter-title  \" style=\"margin-left: 0px; margin-top: 0px; margin-bottom: 0px;\"><ul class=\"ts-fancy-list-wrapper ts-fancy-list-unordered ts-fancy-list-type-standard ts-fancy-list-type-x-left ts-fancy-list-type-y-center\"><li data-count=\"1\" style=\"\">\n<div><a href=\"#ruetistall\">R\u00fctistall<\/a><\/div><\/li><li data-count=\"2\" style=\"\">\n<div><a href=\"#hennaegadae\">Henn\u00e4gad\u00e4<\/a><\/div><\/li><li data-count=\"3\" style=\"\">\n<div><a href=\"#bodaestall\">Bod\u00e4stall<\/a><\/div><\/li><li data-count=\"4\" style=\"\">\n<div><a href=\"#baergstall\">B\u00e4rgstall<\/a><\/div><\/li><li data-count=\"5\" style=\"\">\n<div><a href=\"#kulturstall\">Kulturstall<\/a><\/div><\/li><\/ul><\/div><div class=\"vc_empty_space\"   style=\"height: 15px\"><span class=\"vc_empty_space_inner\"><\/span><\/div><div style=\"width:;\" class=\"cqtooltip-wrapper image-hotspot-gadaweg\" data-opacity=\"1\" data-tooltipanimation=\"grow\" data-tooltipstyle=\"shadow\" data-trigger=\"\" data-maxwidth=\"240\" data-marginoffset=\"\" data-isdisplayall=\"off\" data-displayednum=\"1\"><img decoding=\"async\" src=\"https:\/\/dev2024.klosters-pur.ch\/wp-content\/uploads\/2018\/06\/karte_gadaewaeg_n2.png\" alt=\"\" \/><div class=\"cq-hotspots\"><div class=\"hotspot-item pulse-gray \" style=\"top:48%;left:89%;\" data-top=\"48%\" data-left=\"89%\"><a href=\"#ruetistall\" class=\"cq-tooltip\" style=\"background:#e2001a;\" data-tooltip=\"\n&lt;img class=&quot;alignnone size-full wp-image-828&quot; src=&quot;https:\/\/dev2024.klosters-pur.ch\/wp-content\/uploads\/2018\/06\/icon_ruetistall_64.png&quot; alt=&quot;&quot; width=&quot;24&quot; height=&quot;24&quot; \/&gt; Farming in the mountains&lt;br \/&gt;\n&lt;\/p&gt;\n&lt;p&gt;\" data-arrowposition=\"top\" target=\"\"><span style=\"background:#ffffff;\"><\/span><\/a><\/div><div class=\"hotspot-item pulse-gray \" style=\"top:3.5%;left:68%;\" data-top=\"3.5%\" data-left=\"68%\"><a href=\"#hennaegadae\" class=\"cq-tooltip\" style=\"background:#e2001a;\" data-tooltip=\"\n&lt;img class=&quot;alignnone size-full wp-image-826&quot; src=&quot;https:\/\/dev2024.klosters-pur.ch\/wp-content\/uploads\/2018\/06\/icon_hennagada_64.png&quot; alt=&quot;&quot; width=&quot;24&quot; height=&quot;24&quot; \/&gt; Herb gardens&lt;br \/&gt;\n&lt;\/p&gt;\n&lt;p&gt;\" data-arrowposition=\"top\" target=\"\"><span style=\"background:#ffffff;\"><\/span><\/a><\/div><div class=\"hotspot-item pulse-gray \" style=\"top:14.5%;left:48.5%;\" data-top=\"14.5%\" data-left=\"48.5%\"><a href=\"#bodaestall\" class=\"cq-tooltip\" style=\"background:#e2001a;\" data-tooltip=\"\n&lt;img class=&quot;alignnone size-full wp-image-825&quot; src=&quot;https:\/\/dev2024.klosters-pur.ch\/wp-content\/uploads\/2018\/06\/icon_bodenstall_64.png&quot; alt=&quot;&quot; width=&quot;24&quot; height=&quot;24&quot; \/&gt; Cows and meadows&lt;br \/&gt;\n&lt;\/p&gt;\n&lt;p&gt;\" data-arrowposition=\"bottom\" target=\"\"><span style=\"background:#ffffff;\"><\/span><\/a><\/div><div class=\"hotspot-item pulse-gray \" style=\"top:12%;left:21.5%;\" data-top=\"12%\" data-left=\"21.5%\"><a href=\"#baergstall\" class=\"cq-tooltip\" style=\"background:#e2001a;\" data-tooltip=\"\n&lt;img class=&quot;alignnone size-full wp-image-824&quot; src=&quot;https:\/\/dev2024.klosters-pur.ch\/wp-content\/uploads\/2018\/06\/icon_bergstall_64.png&quot; alt=&quot;&quot; width=&quot;24&quot; height=&quot;24&quot; \/&gt; Sounds of the Alps&lt;br \/&gt;\n&lt;\/p&gt;\n&lt;p&gt;\" data-arrowposition=\"top\" target=\"\"><span style=\"background:#ffffff;\"><\/span><\/a><\/div><div class=\"hotspot-item pulse-gray \" style=\"top:31%;left:11.5%;\" data-top=\"31%\" data-left=\"11.5%\"><a href=\"#kulturstall\" class=\"cq-tooltip\" style=\"background:#e2001a;\" data-tooltip=\"\n&lt;img class=&quot;alignnone size-full wp-image-827&quot; src=&quot;https:\/\/dev2024.klosters-pur.ch\/wp-content\/uploads\/2018\/06\/icon_kulturstall_64.png&quot; alt=&quot;&quot; width=&quot;24&quot; height=&quot;24&quot; \/&gt; Arts and crafts&lt;br \/&gt;\n&lt;\/p&gt;\n&lt;p&gt;\" data-arrowposition=\"top\" target=\"\"><span style=\"background:#ffffff;\"><\/span><\/a><\/div><div class=\"hotspot-item pulse-gray \" style=\"top:82%;left:21%;\" data-top=\"82%\" data-left=\"21%\"><a href=\"javascript:window.open('https:\/\/s.geo.admin.ch\/7c39a46ae5')\" class=\"cq-tooltip\" style=\"background:#000;\" data-tooltip=\"\nTrain station\/bus\/tourist info&lt;br \/&gt;\n&lt;\/p&gt;\n&lt;p&gt;\" data-arrowposition=\"top\" target=\"\"><span style=\"background:#ffffff;\"><\/span><\/a><\/div><div class=\"hotspot-item pulse-gray \" style=\"top:80%;left:70.5%;\" data-top=\"80%\" data-left=\"70.5%\"><a href=\"javascript:window.open('https:\/\/s.geo.admin.ch\/7c39a53eb5')\" class=\"cq-tooltip\" style=\"background:#000;\" data-tooltip=\"\nParking\/toilet\/bus\" data-arrowposition=\"top\" target=\"\"><span style=\"background:#ffffff;\"><\/span><\/a><\/div><\/div><\/div><\/div><\/div><\/div><\/div><div class=\"vc_row wpb_row vc_row-fluid title\"><div class=\"wpb_column vc_column_container vc_col-sm-12\"><div class=\"vc_column-inner\"><div class=\"wpb_wrapper\"><h2 style=\"text-align: left;font-family:Abril Fatface;font-weight:400;font-style:normal\" class=\"vc_custom_heading title\" id=\"ruetistall\">R\u00fctistall<\/h2>\n\t<div  class=\"wpb_single_image wpb_content_element vc_align_left\">\n\t\t\n\t\t<figure class=\"wpb_wrapper vc_figure\">\n\t\t\t<div class=\"vc_single_image-wrapper   vc_box_border_grey\"><img loading=\"lazy\" decoding=\"async\" width=\"1200\" height=\"800\" src=\"https:\/\/dev2024.klosters-pur.ch\/wp-content\/uploads\/2018\/07\/R\u00fctistall_1.jpg\" class=\"vc_single_image-img attachment-full\" alt=\"\" title=\"R\u00fctistall_1\" srcset=\"https:\/\/dev2024.klosters-pur.ch\/wp-content\/uploads\/2018\/07\/R\u00fctistall_1.jpg 1200w, https:\/\/dev2024.klosters-pur.ch\/wp-content\/uploads\/2018\/07\/R\u00fctistall_1-300x200.jpg 300w, https:\/\/dev2024.klosters-pur.ch\/wp-content\/uploads\/2018\/07\/R\u00fctistall_1-768x512.jpg 768w\" sizes=\"auto, (max-width: 1200px) 100vw, 1200px\" \/><\/div>\n\t\t<\/figure>\n\t<\/div>\n<div class=\"vc_row wpb_row vc_inner vc_row-fluid vc_column-gap-35\"><div class=\"wpb_column vc_column_container vc_col-sm-6\"><div class=\"vc_column-inner\"><div class=\"wpb_wrapper\">\n\t<div class=\"wpb_text_column wpb_content_element \" >\n\t\t<div class=\"wpb_wrapper\">\n\t\t\t<p>In Klosters, tourism and mountain farming form a closely linked and valuable partnership. Farmers not only take meticulous care of the meadows. They also produce culinary delights and entertain guests with an attractive range of products and events. The emptying of the Alps with 2000 spectators, the Alp Festival in Novai, cultural events, riding opportunities, carriage rides or the pig race on New Year\u2019s Day are some great examples.<\/p>\n\n\t\t<\/div>\n\t<\/div>\n<\/div><\/div><\/div><div class=\"wpb_column vc_column_container vc_col-sm-6\"><div class=\"vc_column-inner\"><div class=\"wpb_wrapper\">\n\t<div class=\"wpb_text_column wpb_content_element \" >\n\t\t<div class=\"wpb_wrapper\">\n\t\t\t<p>On the other hand, tourism offers a beneficial addition to the farmers\u2019 income such as holiday rentals, jobs at ski schools, cable cars and ski lifts or direct marketing.<\/p>\n\n\t\t<\/div>\n\t<\/div>\n<\/div><\/div><\/div><\/div><div class=\"vc_row wpb_row vc_inner vc_row-fluid offnungszeiten vc_column-gap-35\"><div class=\"wpb_column vc_column_container vc_col-sm-6\"><div class=\"vc_column-inner\"><div class=\"wpb_wrapper\">\n\t<div class=\"wpb_text_column wpb_content_element \" >\n\t\t<div class=\"wpb_wrapper\">\n\t\t\t<p>Informationen:<\/p>\n\n\t\t<\/div>\n\t<\/div>\n<\/div><\/div><\/div><div class=\"wpb_column vc_column_container vc_col-sm-6\"><div class=\"vc_column-inner\"><div class=\"wpb_wrapper\">\n\t<div class=\"wpb_text_column wpb_content_element \" >\n\t\t<div class=\"wpb_wrapper\">\n\t\t\t<p>The stable cannot be entered.<\/p>\n<p>The audio presentation can be started by a push-button and is available from 9 to 18 o&#8217;clock.<\/p>\n<p>There is a public toilet available at the Monbiel car park.<\/p>\n\n\t\t<\/div>\n\t<\/div>\n<\/div><\/div><\/div><\/div><\/div><\/div><\/div><\/div><div class=\"vc_row wpb_row vc_row-fluid title\"><div class=\"wpb_column vc_column_container vc_col-sm-12\"><div class=\"vc_column-inner\"><div class=\"wpb_wrapper\"><h2 style=\"text-align: left;font-family:Abril Fatface;font-weight:400;font-style:normal\" class=\"vc_custom_heading title\" id=\"hennaegadae\">Henn\u00e4gad\u00e4<\/h2>\n\t<div  class=\"wpb_single_image wpb_content_element vc_align_left\">\n\t\t\n\t\t<figure class=\"wpb_wrapper vc_figure\">\n\t\t\t<div class=\"vc_single_image-wrapper   vc_box_border_grey\"><img loading=\"lazy\" decoding=\"async\" width=\"6000\" height=\"4000\" src=\"https:\/\/dev2024.klosters-pur.ch\/wp-content\/uploads\/2018\/07\/Hennagad\u00e4.jpg\" class=\"vc_single_image-img attachment-full\" alt=\"\" title=\"Hennagad\u00e4\" srcset=\"https:\/\/dev2024.klosters-pur.ch\/wp-content\/uploads\/2018\/07\/Hennagad\u00e4.jpg 6000w, https:\/\/dev2024.klosters-pur.ch\/wp-content\/uploads\/2018\/07\/Hennagad\u00e4-300x200.jpg 300w, https:\/\/dev2024.klosters-pur.ch\/wp-content\/uploads\/2018\/07\/Hennagad\u00e4-768x512.jpg 768w, https:\/\/dev2024.klosters-pur.ch\/wp-content\/uploads\/2018\/07\/Hennagad\u00e4-1200x800.jpg 1200w\" sizes=\"auto, (max-width: 6000px) 100vw, 6000px\" \/><\/div>\n\t\t<\/figure>\n\t<\/div>\n<div class=\"vc_row wpb_row vc_inner vc_row-fluid vc_column-gap-35\"><div class=\"wpb_column vc_column_container vc_col-sm-6\"><div class=\"vc_column-inner\"><div class=\"wpb_wrapper\">\n\t<div class=\"wpb_text_column wpb_content_element \" >\n\t\t<div class=\"wpb_wrapper\">\n\t\t\t<p>In the old days, mountain farmers were nearly self-sufficient.<br \/>\nFor this, a herb garden was indispensable. They harvested spices, teas and health remedies. The garden gave pleasure and was a natural pharmacy. Knowledge about the virtues and benefits of herbs was a most important part of safeguarding health and wellbeing.<\/p>\n\n\t\t<\/div>\n\t<\/div>\n<\/div><\/div><\/div><div class=\"wpb_column vc_column_container vc_col-sm-6\"><div class=\"vc_column-inner\"><div class=\"wpb_wrapper\">\n\t<div class=\"wpb_text_column wpb_content_element \" >\n\t\t<div class=\"wpb_wrapper\">\n\t\t\t<p>By their slow growth, alpine herbs are particularly efficient and thought very healthy. The Henn\u00e4gad\u00e4 shows garden herbs like mint and marigold, sweet cicely or malva neglecta and just how multifunctional they can be used.<\/p>\n\n\t\t<\/div>\n\t<\/div>\n<\/div><\/div><\/div><\/div><div class=\"vc_row wpb_row vc_inner vc_row-fluid offnungszeiten vc_column-gap-35\"><div class=\"wpb_column vc_column_container vc_col-sm-6\"><div class=\"vc_column-inner\"><div class=\"wpb_wrapper\">\n\t<div class=\"wpb_text_column wpb_content_element \" >\n\t\t<div class=\"wpb_wrapper\">\n\t\t\t<p>Informationen:<\/p>\n\n\t\t<\/div>\n\t<\/div>\n<\/div><\/div><\/div><div class=\"wpb_column vc_column_container vc_col-sm-6\"><div class=\"vc_column-inner\"><div class=\"wpb_wrapper\">\n\t<div class=\"wpb_text_column wpb_content_element \" >\n\t\t<div class=\"wpb_wrapper\">\n\t\t\t<p>The herbs exhibition on the upper floor of the Henn\u00e4gad\u00e4 can be accessed around the clock via outside stairs. Service at the small tavern is only provided part-time. Self-service is available if not.<\/p>\n<p>A toilet facility is attached to the stable above the Henn\u00e4gad\u00e4. It is always open.<\/p>\n\n\t\t<\/div>\n\t<\/div>\n<\/div><\/div><\/div><\/div><\/div><\/div><\/div><\/div><div class=\"vc_row wpb_row vc_row-fluid title\"><div class=\"wpb_column vc_column_container vc_col-sm-12\"><div class=\"vc_column-inner\"><div class=\"wpb_wrapper\"><h2 style=\"text-align: left;font-family:Abril Fatface;font-weight:400;font-style:normal\" class=\"vc_custom_heading title\" id=\"bodaestall\">Bod\u00e4stall<\/h2>\n\t<div  class=\"wpb_single_image wpb_content_element vc_align_left\">\n\t\t\n\t\t<figure class=\"wpb_wrapper vc_figure\">\n\t\t\t<div class=\"vc_single_image-wrapper   vc_box_border_grey\"><img loading=\"lazy\" decoding=\"async\" width=\"1200\" height=\"800\" src=\"https:\/\/dev2024.klosters-pur.ch\/wp-content\/uploads\/2018\/07\/Bod\u00e4stall.jpg\" class=\"vc_single_image-img attachment-full\" alt=\"\" title=\"Bod\u00e4stall\" srcset=\"https:\/\/dev2024.klosters-pur.ch\/wp-content\/uploads\/2018\/07\/Bod\u00e4stall.jpg 1200w, https:\/\/dev2024.klosters-pur.ch\/wp-content\/uploads\/2018\/07\/Bod\u00e4stall-300x200.jpg 300w, https:\/\/dev2024.klosters-pur.ch\/wp-content\/uploads\/2018\/07\/Bod\u00e4stall-768x512.jpg 768w\" sizes=\"auto, (max-width: 1200px) 100vw, 1200px\" \/><\/div>\n\t\t<\/figure>\n\t<\/div>\n<div class=\"vc_row wpb_row vc_inner vc_row-fluid vc_column-gap-35\"><div class=\"wpb_column vc_column_container vc_col-sm-6\"><div class=\"vc_column-inner\"><div class=\"wpb_wrapper\">\n\t<div class=\"wpb_text_column wpb_content_element \" >\n\t\t<div class=\"wpb_wrapper\">\n\t\t\t<p>From the municipality borders in Saas on 988 m above sea level to the Verstanclahorn on 3298m, Klosters Serneus offers a multitude of cultural landscapes. Around 96 agricultural farms care for these, half of which full time.<br \/>\nThe proportions of farms with dairy farming and suckler cow husbandry are roughly the same. In summer, the cows live on the alpine meadows of Pardenn, Novai, Sp\u00e4rra and Albeina where cheese, curd, pot cheese and butter are produced.<\/p>\n\n\t\t<\/div>\n\t<\/div>\n<\/div><\/div><\/div><div class=\"wpb_column vc_column_container vc_col-sm-6\"><div class=\"vc_column-inner\"><div class=\"wpb_wrapper\">\n\t<div class=\"wpb_text_column wpb_content_element \" >\n\t\t<div class=\"wpb_wrapper\">\n\t\t\t<p>Not only cows but also horses, donkeys, sheep, goats and even lamas and alpacas populate the farms and meadows. They all support the maintenance of our cultural landscapes. By networking as well as farming natural and sustainable, the community in Klosters supports and promotes structural and bio diversity and biotopes.<\/p>\n\n\t\t<\/div>\n\t<\/div>\n<\/div><\/div><\/div><\/div><div class=\"vc_row wpb_row vc_inner vc_row-fluid offnungszeiten vc_column-gap-35\"><div class=\"wpb_column vc_column_container vc_col-sm-6\"><div class=\"vc_column-inner\"><div class=\"wpb_wrapper\">\n\t<div class=\"wpb_text_column wpb_content_element \" >\n\t\t<div class=\"wpb_wrapper\">\n\t\t\t<p>Informationen:<\/p>\n\n\t\t<\/div>\n\t<\/div>\n<\/div><\/div><\/div><div class=\"wpb_column vc_column_container vc_col-sm-6\"><div class=\"vc_column-inner\"><div class=\"wpb_wrapper\">\n\t<div class=\"wpb_text_column wpb_content_element \" >\n\t\t<div class=\"wpb_wrapper\">\n\t\t\t<p>The barn cannot be entered. It can be viewed from the outside.<br \/>\nThere is no toilet facility at this location.<\/p>\n<p>The nearest toilet is at Henn\u00e4gad\u00e4.<\/p>\n\n\t\t<\/div>\n\t<\/div>\n<\/div><\/div><\/div><\/div><\/div><\/div><\/div><\/div><div class=\"vc_row wpb_row vc_row-fluid title\"><div class=\"wpb_column vc_column_container vc_col-sm-12\"><div class=\"vc_column-inner\"><div class=\"wpb_wrapper\"><h2 style=\"text-align: left;font-family:Abril Fatface;font-weight:400;font-style:normal\" class=\"vc_custom_heading title\" id=\"baergstall\">B\u00e4rgstall<\/h2>\n\t<div  class=\"wpb_single_image wpb_content_element vc_align_left\">\n\t\t\n\t\t<figure class=\"wpb_wrapper vc_figure\">\n\t\t\t<div class=\"vc_single_image-wrapper   vc_box_border_grey\"><img loading=\"lazy\" decoding=\"async\" width=\"1200\" height=\"800\" src=\"https:\/\/dev2024.klosters-pur.ch\/wp-content\/uploads\/2018\/07\/B\u00e4rgstall.jpg\" class=\"vc_single_image-img attachment-full\" alt=\"\" title=\"B\u00e4rgstall\" srcset=\"https:\/\/dev2024.klosters-pur.ch\/wp-content\/uploads\/2018\/07\/B\u00e4rgstall.jpg 1200w, https:\/\/dev2024.klosters-pur.ch\/wp-content\/uploads\/2018\/07\/B\u00e4rgstall-300x200.jpg 300w, https:\/\/dev2024.klosters-pur.ch\/wp-content\/uploads\/2018\/07\/B\u00e4rgstall-768x512.jpg 768w\" sizes=\"auto, (max-width: 1200px) 100vw, 1200px\" \/><\/div>\n\t\t<\/figure>\n\t<\/div>\n<div class=\"vc_row wpb_row vc_inner vc_row-fluid vc_column-gap-35\"><div class=\"wpb_column vc_column_container vc_col-sm-6\"><div class=\"vc_column-inner\"><div class=\"wpb_wrapper\">\n\t<div class=\"wpb_text_column wpb_content_element \" >\n\t\t<div class=\"wpb_wrapper\">\n\t\t\t<p>Mountain farming has its own sounds. Such as the crackle of a huge bonfire around which everyone gathers to celebrate the night before the filling of the Alps. Father and Grandfather tell tales and legends. There is play, songs, food and drinks.<\/p>\n\n\t\t<\/div>\n\t<\/div>\n<\/div><\/div><\/div><div class=\"wpb_column vc_column_container vc_col-sm-6\"><div class=\"vc_column-inner\"><div class=\"wpb_wrapper\">\n\t<div class=\"wpb_text_column wpb_content_element \" >\n\t\t<div class=\"wpb_wrapper\">\n\t\t\t<p>On the Maiens\u00e4ss and the alpine meadows, you hear the lovely sound of cowbells. In summer, the rattle of the mowers, changing meadows into fragrant, sun bathed hay, joins these sounds. In winter, the mountains belong to snow and winter sports. The \u201cBergstall\u201d echoes loud and soft sounds.<\/p>\n\n\t\t<\/div>\n\t<\/div>\n\n\t<div class=\"wpb_text_column wpb_content_element \" >\n\t\t<div class=\"wpb_wrapper\">\n\t\t\t<p>Sage der Madrisa<\/p>\n<audio class=\"wp-audio-shortcode\" id=\"audio-1745-1\" preload=\"none\" style=\"width: 100%;\" controls=\"controls\"><source type=\"audio\/mpeg\" src=\"https:\/\/dev2024.klosters-pur.ch\/wp-content\/uploads\/2018\/06\/140_4_Sage-der-Madrisa_6min08.m4a?_=1\" \/><a href=\"https:\/\/dev2024.klosters-pur.ch\/wp-content\/uploads\/2018\/06\/140_4_Sage-der-Madrisa_6min08.m4a\">https:\/\/dev2024.klosters-pur.ch\/wp-content\/uploads\/2018\/06\/140_4_Sage-der-Madrisa_6min08.m4a<\/a><\/audio>\n<p>&nbsp;<\/p>\n<p>Casanna<\/p>\n<audio class=\"wp-audio-shortcode\" id=\"audio-1745-2\" preload=\"none\" style=\"width: 100%;\" controls=\"controls\"><source type=\"audio\/mpeg\" src=\"https:\/\/dev2024.klosters-pur.ch\/wp-content\/uploads\/2018\/06\/140_4_Casanna_3min31.mp3?_=2\" \/><a href=\"https:\/\/dev2024.klosters-pur.ch\/wp-content\/uploads\/2018\/06\/140_4_Casanna_3min31.mp3\">https:\/\/dev2024.klosters-pur.ch\/wp-content\/uploads\/2018\/06\/140_4_Casanna_3min31.mp3<\/a><\/audio>\n<p>&nbsp;<\/p>\n<p>Silvretta &#8211; Teil 1<\/p>\n<audio class=\"wp-audio-shortcode\" id=\"audio-1745-3\" preload=\"none\" style=\"width: 100%;\" controls=\"controls\"><source type=\"audio\/mpeg\" src=\"https:\/\/dev2024.klosters-pur.ch\/wp-content\/uploads\/2018\/06\/Silvretta-1.m4a?_=3\" \/><a href=\"https:\/\/dev2024.klosters-pur.ch\/wp-content\/uploads\/2018\/06\/Silvretta-1.m4a\">https:\/\/dev2024.klosters-pur.ch\/wp-content\/uploads\/2018\/06\/Silvretta-1.m4a<\/a><\/audio>\n<p>&nbsp;<\/p>\n<p>Silvretta &#8211; Teil 2<\/p>\n<audio class=\"wp-audio-shortcode\" id=\"audio-1745-4\" preload=\"none\" style=\"width: 100%;\" controls=\"controls\"><source type=\"audio\/mpeg\" src=\"https:\/\/dev2024.klosters-pur.ch\/wp-content\/uploads\/2018\/06\/Silvretta-2.m4a?_=4\" \/><a href=\"https:\/\/dev2024.klosters-pur.ch\/wp-content\/uploads\/2018\/06\/Silvretta-2.m4a\">https:\/\/dev2024.klosters-pur.ch\/wp-content\/uploads\/2018\/06\/Silvretta-2.m4a<\/a><\/audio>\n<p>&nbsp;<\/p>\n<p>T\u00fcfelstein<\/p>\n<audio class=\"wp-audio-shortcode\" id=\"audio-1745-5\" preload=\"none\" style=\"width: 100%;\" controls=\"controls\"><source type=\"audio\/mpeg\" src=\"https:\/\/dev2024.klosters-pur.ch\/wp-content\/uploads\/2018\/06\/140_4_Dr-Tu\u0308felstein_2min38.mp3?_=5\" \/><a href=\"https:\/\/dev2024.klosters-pur.ch\/wp-content\/uploads\/2018\/06\/140_4_Dr-Tu\u0308felstein_2min38.mp3\">https:\/\/dev2024.klosters-pur.ch\/wp-content\/uploads\/2018\/06\/140_4_Dr-Tu\u0308felstein_2min38.mp3<\/a><\/audio>\n\n\t\t<\/div>\n\t<\/div>\n<\/div><\/div><\/div><\/div><div class=\"vc_row wpb_row vc_inner vc_row-fluid offnungszeiten vc_column-gap-35\"><div class=\"wpb_column vc_column_container vc_col-sm-6\"><div class=\"vc_column-inner\"><div class=\"wpb_wrapper\">\n\t<div class=\"wpb_text_column wpb_content_element \" >\n\t\t<div class=\"wpb_wrapper\">\n\t\t\t<p>Informationen:<\/p>\n\n\t\t<\/div>\n\t<\/div>\n<\/div><\/div><\/div><div class=\"wpb_column vc_column_container vc_col-sm-6\"><div class=\"vc_column-inner\"><div class=\"wpb_wrapper\">\n\t<div class=\"wpb_text_column wpb_content_element \" >\n\t\t<div class=\"wpb_wrapper\">\n\t\t\t<p>The B\u00e4rgstall is accessible around the clock on both floors. The audio presentation is in operation from 9 to 18 o&#8217;clock.<\/p>\n<p>There is no toilet facility at this location. The nearest toilet is at Henn\u00e4gad\u00e4.<\/p>\n\n\t\t<\/div>\n\t<\/div>\n<\/div><\/div><\/div><\/div><\/div><\/div><\/div><\/div><div class=\"vc_row wpb_row vc_row-fluid title\"><div class=\"wpb_column vc_column_container vc_col-sm-12\"><div class=\"vc_column-inner\"><div class=\"wpb_wrapper\"><h2 style=\"text-align: left;font-family:Abril Fatface;font-weight:400;font-style:normal\" class=\"vc_custom_heading title\" id=\"kulturstall\">Kulturstall<\/h2>\n\t<div  class=\"wpb_single_image wpb_content_element vc_align_left\">\n\t\t\n\t\t<figure class=\"wpb_wrapper vc_figure\">\n\t\t\t<div class=\"vc_single_image-wrapper   vc_box_border_grey\"><img loading=\"lazy\" decoding=\"async\" width=\"1200\" height=\"800\" src=\"https:\/\/dev2024.klosters-pur.ch\/wp-content\/uploads\/2018\/07\/Kulturstall_1.jpg\" class=\"vc_single_image-img attachment-full\" alt=\"\" title=\"Kulturstall_1\" srcset=\"https:\/\/dev2024.klosters-pur.ch\/wp-content\/uploads\/2018\/07\/Kulturstall_1.jpg 1200w, https:\/\/dev2024.klosters-pur.ch\/wp-content\/uploads\/2018\/07\/Kulturstall_1-300x200.jpg 300w, https:\/\/dev2024.klosters-pur.ch\/wp-content\/uploads\/2018\/07\/Kulturstall_1-768x512.jpg 768w\" sizes=\"auto, (max-width: 1200px) 100vw, 1200px\" \/><\/div>\n\t\t<\/figure>\n\t<\/div>\n<div class=\"vc_row wpb_row vc_inner vc_row-fluid vc_column-gap-35\"><div class=\"wpb_column vc_column_container vc_col-sm-6\"><div class=\"vc_column-inner\"><div class=\"wpb_wrapper\">\n\t<div class=\"wpb_text_column wpb_content_element \" >\n\t\t<div class=\"wpb_wrapper\">\n\t\t\t<p>Once a shed to house animal feed, the \u201cKulturstall\u201d now offers nourishment for the heart and senses. The stable has become a meeting place for guests and locals for the arts and crafts.<\/p>\n\n\t\t<\/div>\n\t<\/div>\n<\/div><\/div><\/div><div class=\"wpb_column vc_column_container vc_col-sm-6\"><div class=\"vc_column-inner\"><div class=\"wpb_wrapper\">\n\t<div class=\"wpb_text_column wpb_content_element \" >\n\t\t<div class=\"wpb_wrapper\">\n\t\t\t<p>Here, in regular intervals and changing exhibitions, regional and national Swiss artists show their work, read, offer play or make music. The stable provides a home and cultural medium for spiritual and intellectual experiences.<\/p>\n\n\t\t<\/div>\n\t<\/div>\n<\/div><\/div><\/div><\/div><div class=\"vc_row wpb_row vc_inner vc_row-fluid offnungszeiten vc_column-gap-35\"><div class=\"wpb_column vc_column_container vc_col-sm-6\"><div class=\"vc_column-inner\"><div class=\"wpb_wrapper\">\n\t<div class=\"wpb_text_column wpb_content_element \" >\n\t\t<div class=\"wpb_wrapper\">\n\t\t\t<p>Informationen:<\/p>\n\n\t\t<\/div>\n\t<\/div>\n<\/div><\/div><\/div><div class=\"wpb_column vc_column_container vc_col-sm-6\"><div class=\"vc_column-inner\"><div class=\"wpb_wrapper\">\n\t<div class=\"wpb_text_column wpb_content_element \" >\n\t\t<div class=\"wpb_wrapper\">\n\t\t\t<p>The Kulturstall is closed during the off-season.<\/p>\n<p>There is a toilet facility (Toi-Toi) at the Kulturstall.<\/p>\n\n\t\t<\/div>\n\t<\/div>\n<\/div><\/div><\/div><\/div><\/div><\/div><\/div><\/div>\n<\/section>","protected":false},"excerpt":{"rendered":"R\u00fctistall Henn\u00e4gad\u00e4 Bod\u00e4stall B\u00e4rgstall KulturstallR\u00fctistall In Klosters, tourism and mountain farming form a closely linked and valuable partnership. Farmers not only take meticulous care of the meadows. They also produce culinary delights and entertain guests with an attractive range of products and events. The emptying of the Alps with 2000 spectators, the Alp Festival in [...]","protected":false},"author":1,"featured_media":0,"parent":0,"menu_order":20,"comment_status":"closed","ping_status":"closed","template":"","meta":{"footnotes":""},"class_list":["post-1745","page","type-page","status-publish","hentry"],"acf":[],"_links":{"self":[{"href":"https:\/\/dev2024.klosters-pur.ch\/en\/wp-json\/wp\/v2\/pages\/1745","targetHints":{"allow":["GET"]}}],"collection":[{"href":"https:\/\/dev2024.klosters-pur.ch\/en\/wp-json\/wp\/v2\/pages"}],"about":[{"href":"https:\/\/dev2024.klosters-pur.ch\/en\/wp-json\/wp\/v2\/types\/page"}],"author":[{"embeddable":true,"href":"https:\/\/dev2024.klosters-pur.ch\/en\/wp-json\/wp\/v2\/users\/1"}],"replies":[{"embeddable":true,"href":"https:\/\/dev2024.klosters-pur.ch\/en\/wp-json\/wp\/v2\/comments?post=1745"}],"version-history":[{"count":4,"href":"https:\/\/dev2024.klosters-pur.ch\/en\/wp-json\/wp\/v2\/pages\/1745\/revisions"}],"predecessor-version":[{"id":1792,"href":"https:\/\/dev2024.klosters-pur.ch\/en\/wp-json\/wp\/v2\/pages\/1745\/revisions\/1792"}],"wp:attachment":[{"href":"https:\/\/dev2024.klosters-pur.ch\/en\/wp-json\/wp\/v2\/media?parent=1745"}],"curies":[{"name":"wp","href":"https:\/\/api.w.org\/{rel}","templated":true}]}}